{"id":234,"date":"2025-10-14T20:44:33","date_gmt":"2025-10-14T20:44:33","guid":{"rendered":"https:\/\/www.abiomontebelluna.it\/2025\/?page_id=234"},"modified":"2025-10-30T20:22:31","modified_gmt":"2025-10-30T20:22:31","slug":"carta-dei-diritti","status":"publish","type":"page","link":"https:\/\/www.abiomontebelluna.it\/2025\/carta-dei-diritti\/","title":{"rendered":"Carta dei diritti"},"content":{"rendered":"<p>[et_pb_section fb_built=&#8221;1&#8243; _builder_version=&#8221;4.27.4&#8243; _module_preset=&#8221;default&#8221; global_colors_info=&#8221;{}&#8221;][et_pb_row _builder_version=&#8221;4.27.4&#8243; _module_preset=&#8221;default&#8221; global_colors_info=&#8221;{}&#8221;][et_pb_column type=&#8221;4_4&#8243; _builder_version=&#8221;4.27.4&#8243; _module_preset=&#8221;default&#8221; global_colors_info=&#8221;{}&#8221;][et_pb_text _builder_version=&#8221;4.27.4&#8243; _module_preset=&#8221;default&#8221; custom_padding=&#8221;||0px|||&#8221; global_colors_info=&#8221;{}&#8221;]<\/p>\n<div class=\"elementor-element elementor-element-c146eb3 elementor-widget elementor-widget-heading\" data-id=\"c146eb3\" data-element_type=\"widget\" data-widget_type=\"heading.default\">\n<div class=\"elementor-widget-container\">\n<h2 class=\"elementor-heading-title elementor-size-default\">CARTA DEI DIRITTI DEI BAMBINI<\/h2>\n<\/div>\n<\/div>\n<div class=\"elementor-element elementor-element-f18974d elementor-widget elementor-widget-text-editor\" data-id=\"f18974d\" data-element_type=\"widget\" data-widget_type=\"text-editor.default\">\n<div class=\"elementor-widget-container\">\n<p>Nel 2008 Fondazione ABIO Italia, in collaborazione con la Societ\u00e0 Italiana di Pediatria, redige la<span>\u00a0<\/span><b>Carta dei Diritti dei Bambini e degli Adolescenti in Ospedale<\/b>. Il documento riprende la<span>\u00a0<\/span><b>Convenzione Internazionale sui Diritti dell\u2019Infanzia<\/b><span>\u00a0<\/span>e dell\u2019Adolescenza del 1989 e si ispira alla Carta di EACH del 1988, adattandole all\u2019attuale situazione italiana anche in base alla ormai trentennale esperienza di volontariato ABIO.<\/p>\n<p>In seguito, un gruppo di lavoro coordinato da Fondazione ABIO Italia e che coinvolge PROGEA e SIP, ha elaborato a partire dai dieci punti della Carta degli standard concreti e misurabili, allo scopo di definire livelli di qualit\u00e0 che i reparti di pediatria devono rispettare nell\u2019erogazione dei servizi di diagnosi e di cura.<\/p>\n<p>Il risultato \u00e8 stato il Manuale per la certificazione della Carta dei Diritti dei Bambini e degli Adolescenti in Ospedale, lo strumento di base di un percorso di analisi e di valutazione della qualit\u00e0 dei servizi di cura offerti dai reparti di pediatria che porta alla certificazione di ospedale \u201cAll\u2019altezza dei bambini\u201d.<\/p>\n<p>Sul sito<span>\u00a0<\/span><a target=\"_blank\" href=\"http:\/\/www.allaltezzadeibambini.org\/\" rel=\"noopener\"><u>www.allaltezzadeibambini.org<\/u><\/a><span>\u00a0<\/span>\u00e8 possibile approfondire il percorso che ha portato dalla Carta dei Diritti al Progetto di Certificazione della qualit\u00e0 delle pediatrie italiane e scoprire quali ospedali sono stati certificati.<\/p>\n<\/div>\n<\/div>\n<p>[\/et_pb_text][et_pb_toggle title=&#8221;La Carta dei Diritti dei Bambini e degli Adolescenti in Ospedale ABIO\/SIP&#8221; open_toggle_text_color=&#8221;#13408A&#8221; closed_toggle_text_color=&#8221;#13408A&#8221; icon_color=&#8221;#13408A&#8221; open_icon_color=&#8221;#13408A&#8221; _builder_version=&#8221;4.27.4&#8243; _module_preset=&#8221;default&#8221; title_text_color=&#8221;#13408A&#8221; background_color=&#8221;#DEEBF7&#8243; hover_enabled=&#8221;0&#8243; global_colors_info=&#8221;{}&#8221; title_font_size=&#8221;16px&#8221; sticky_enabled=&#8221;0&#8243;]<\/p>\n<ol>\n<li><strong>I bambini e gli adolescenti hanno diritto ad avere sempre la migliore qualit\u00e0 delle cure<\/strong>. Possibilmente a domicilio o in ambulatorio e, qualora non esistessero alternative valide, in ospedale. A tale fine deve essere garantita loro una assistenza globale attraverso la costruzione di una rete organizzativa che integri ospedale e servizi territoriali, con il coinvolgimento dei pediatri di famiglia.<\/li>\n<li><strong>I bambini e gli adolescenti hanno il diritto di avere accanto a loro in ogni momento<\/strong> (giorno, notte, esecuzione di esami, anestesia, risveglio, terapia intensiva) i genitori o un loro sostituto adeguato al compito e a loro gradito (nonni, fratelli, persona amica, volontari\u2026), senza alcuna limitazione di tempo o di orario.<\/li>\n<li><strong>L\u2019ospedale deve offrire facilitazioni<\/strong> (letto, bagno, spazio per effetti personali, pasti a prezzo convenzionato) ai genitori dei bambini e adolescenti ricoverati e deve <strong>aiutarli e incoraggiarli<\/strong> \u2013 se ci\u00f2 \u00e8 compatibile con le loro esigenze familiari \u2013 a restare in ospedale. Inoltre, perch\u00e9 possano adeguatamente prendersi cura del loro figlio, i genitori devono essere informati sulla diagnosi, sull\u2019organizzazione del reparto e sui percorsi terapeutici in atto.<\/li>\n<li><strong>I bambini gli adolescenti hanno diritto ad essere ricoverati in reparti pediatrici<\/strong> \u2013 e mai in reparti per adulti \u2013 possibilmente aggregati per fasce d\u2019et\u00e0 omogenee affinch\u00e9 si possano tenere in debita considerazione le differenti esigenze di un bambino o di un adolescente. Non deve essere posto un limite all\u2019et\u00e0 dei visitatori, compatibilmente con il rispetto delle esigenze degli altri bambini e adolescenti ricoverati e alle necessit\u00e0 assistenziali del bambino o adolescente stesso.<\/li>\n<li>Ai bambini e agli adolescenti deve essere assicurata la <strong>continuit\u00e0 dell\u2019assistenza pediatrica<\/strong> da parte dell\u2019equipe multidisciplinare ospedaliera 24 ore su 24 sia nei reparti di degenza sia in pronto soccorso.<\/li>\n<li>I bambini e gli adolescenti hanno diritto ad <strong>avere a loro disposizione figure specializzate<\/strong> (pediatri, infermieri pediatrici, psicologi, mediatori culturali, assistenti sociali, volontari) in grado di creare una <strong>rete assistenziale che risponda alle necessit\u00e0 fisiche, emotive e psichiche<\/strong> loro e della loro famiglia.<\/li>\n<li><span>I bambini e gli adolescenti devono avere quotidianamente <strong>possibilit\u00e0 di gioco, ricreazione e studio<\/strong> \u2013 adatte alla loro et\u00e0, sesso, cultura e condizioni di salute \u2013 in ambiente adeguatamente strutturato ed arredato e devono essere assistiti da personale specificatamente formato per accoglierli e prendersi cura di loro.<\/span><\/li>\n<li><span>I bambini e gli adolescenti devono essere<strong> trattati con tatto e comprensione e la loro intimit\u00e0 deve essere rispettata in ogni momento<\/strong>. A bambini e adolescenti devono essere garantiti il diritto alla privacy e la protezione dall\u2019esposizione fisica e da situazioni umilianti, in relazione all\u2019et\u00e0, alla cultura e al credo religioso loro e della loro famiglia.<\/span><\/li>\n<li><span>I bambini e gli adolescenti \u2013 e i loro genitori \u2013 hanno diritto ad <strong>essere informati riguardo la diagnosi e adeguatamente coinvolti nelle decisioni relative alle terapie<\/strong>. Le informazioni ai bambini e agli adolescenti, specie quando riguardano indagini diagnostiche invasive, devono essere date quando possibile in presenza di un genitore e in modo adeguato alla loro et\u00e0, capacit\u00e0 di comprensione e sensibilit\u00e0 manifestata.<\/span><\/li>\n<li><span>Nell\u2019attivit\u00e0 diagnostica e terapeutica che si rende necessaria, devono essere sempre adottate tutte le pratiche finalizzate a <strong>minimizzare il dolore e lo stress psicofisico<\/strong> dei bambini e degli adolescenti e la sofferenza della loro famiglia.<\/span><\/li>\n<\/ol>\n<p><em>Approvata dal CdA di Fondazione ABIO Italia il 2 agosto 2007;<\/em><br \/><em>Approvata dal Consiglio Direttivo SIP il 27 luglio 2007.<\/em><\/p>\n<p>[\/et_pb_toggle][\/et_pb_column][\/et_pb_row][\/et_pb_section]<\/p>\n","protected":false},"excerpt":{"rendered":"<p>CARTA DEI DIRITTI DEI BAMBINI Nel 2008 Fondazione ABIO Italia, in collaborazione con la Societ\u00e0 Italiana di Pediatria, redige la\u00a0Carta dei Diritti dei Bambini e degli Adolescenti in Ospedale. Il documento riprende la\u00a0Convenzione Internazionale sui Diritti dell\u2019Infanzia\u00a0e dell\u2019Adolescenza del 1989 e si ispira alla Carta di EACH del 1988, adattandole all\u2019attuale situazione italiana anche in [&hellip;]<\/p>\n","protected":false},"author":1,"featured_media":0,"parent":0,"menu_order":0,"comment_status":"closed","ping_status":"closed","template":"","meta":{"_et_pb_use_builder":"on","_et_pb_old_content":"","_et_gb_content_width":"","footnotes":""},"class_list":["post-234","page","type-page","status-publish","hentry"],"_links":{"self":[{"href":"https:\/\/www.abiomontebelluna.it\/2025\/wp-json\/wp\/v2\/pages\/234","targetHints":{"allow":["GET"]}}],"collection":[{"href":"https:\/\/www.abiomontebelluna.it\/2025\/wp-json\/wp\/v2\/pages"}],"about":[{"href":"https:\/\/www.abiomontebelluna.it\/2025\/wp-json\/wp\/v2\/types\/page"}],"author":[{"embeddable":true,"href":"https:\/\/www.abiomontebelluna.it\/2025\/wp-json\/wp\/v2\/users\/1"}],"replies":[{"embeddable":true,"href":"https:\/\/www.abiomontebelluna.it\/2025\/wp-json\/wp\/v2\/comments?post=234"}],"version-history":[{"count":4,"href":"https:\/\/www.abiomontebelluna.it\/2025\/wp-json\/wp\/v2\/pages\/234\/revisions"}],"predecessor-version":[{"id":275,"href":"https:\/\/www.abiomontebelluna.it\/2025\/wp-json\/wp\/v2\/pages\/234\/revisions\/275"}],"wp:attachment":[{"href":"https:\/\/www.abiomontebelluna.it\/2025\/wp-json\/wp\/v2\/media?parent=234"}],"curies":[{"name":"wp","href":"https:\/\/api.w.org\/{rel}","templated":true}]}}